{"id":13,"date":"2012-03-08T00:50:28","date_gmt":"2012-03-08T00:50:28","guid":{"rendered":"http:\/\/sustentar.net\/2012\/?page_id=13"},"modified":"2015-09-11T18:01:52","modified_gmt":"2015-09-11T18:01:52","slug":"feira","status":"publish","type":"page","link":"http:\/\/www.sustentar.net\/2015\/feira","title":{"rendered":"Feira"},"content":{"rendered":"<h2>Feira Sustentar 2015<\/h2>\n<p>A\u00a0<strong>\u00a08\u00aa Feira de Tecnologias, Produtos e Servi\u00e7os de Responsabilidade Socioambiental,<\/strong>\u00a0paralela ao\u00a0<strong>Sustentar 2015 \u2013 8\u00ba F\u00f3rum Internacional pelo Desenvolvimento Sustent\u00e1vel<\/strong>, ser\u00e1 realizada\u00a0no<strong> dia 15 de outubro de 2015.<\/strong><\/p>\n<p>A Feira \u00e9 aberta ao p\u00fablico e se caracteriza como uma excelente oportunidade para sua empresa apresentar produtos, tecnologias e servi\u00e7os, demonstrar os resultados das pr\u00e1ticas sustent\u00e1veis e fechar neg\u00f3cios que fortale\u00e7am a sua imagem perante o mercado socioambiental.<\/p>\n<p>\u00c9 permitida comercializa\u00e7\u00e3o de produtos e exposi\u00e7\u00e3o de logomarcas (no estande) da cadeia produtiva, apresenta\u00e7\u00e3o de\u00a0projetos culturais, ambientais e sociais patrocinados pela empresa, assim como distribui\u00e7\u00e3o de folders e outros materiais de divulga\u00e7\u00e3o.<\/p>\n<p><strong>P\u00daBLICO-ALVO<\/strong>: Autoridades, diretores, gerentes, t\u00e9cnicos e representantes de empresas, Representantes e t\u00e9cnicos do setor governamental (Minist\u00e9rios, Secretarias de Estado e Municipais, Prefeituras, Ibama, IcmBio, Gestores de ONG&#8217;s e associa\u00e7\u00f5es de classe, Representantes do setor acad\u00eamico &#8211; gestores, professores universit\u00e1rios e alunos de universidades (bacharelado, p\u00f3s-gradua\u00e7\u00e3o e MBA&#8217;s), Lideran\u00e7as regionais, profissionais atuantes nos setores correlatos e especialistas e empres\u00e1rios envolvidos.<\/p>\n<p>Garanta o e espa\u00e7o de sua empresa, entre em contato para mais informa\u00e7\u00f5es:<\/p>\n<p>Entre em contato para mais informa\u00e7\u00f5es:<\/p>\n<p>Tel: (31) 2515.3382\/ 8885 3405<\/p>\n<p>Email:\u00a0<a title=\"mailto:lucimara@sustentar.net&lt;br \/&gt;&lt;br \/&gt;&lt;br \/&gt;&lt;br \/&gt;&lt;br \/&gt;&lt;br \/&gt;&lt;br \/&gt;&lt;br \/&gt;&lt;br \/&gt;&lt;br \/&gt;&lt;br \/&gt;&lt;br \/&gt;&lt;br \/&gt;&lt;br \/&gt;&lt;br \/&gt;&lt;br \/&gt;&lt;br \/&gt;&lt;br \/&gt; CTRL + Clique para seguir o link\" href=\"mailto:lucimara@sustentar.net\" target=\"_blank\">lucimara@sustentar.net<\/a>;\u00a0<a href=\"mailto:info@sustentar.net\">info@sustentar.net<\/a><\/p>\n<p>&nbsp;<\/p>\n<p><a href=\"http:\/\/sustentar.net\/2012\/wp-content\/uploads\/2012\/03\/resized_Gilson-de-Souza-0516.jpg\"><img loading=\"lazy\" decoding=\"async\" class=\"alignleft size-thumbnail wp-image-364\" title=\"resized_Gilson de Souza 0516\" alt=\"\" src=\"http:\/\/sustentar.net\/2012\/wp-content\/uploads\/2012\/03\/resized_Gilson-de-Souza-0516-150x150.jpg\" width=\"150\" height=\"150\" \/><\/a><\/p>\n<p><a href=\"http:\/\/sustentar.net\/2012\/wp-content\/uploads\/2012\/03\/resized_Gilson-de-Souza-0673.jpg\"><img loading=\"lazy\" decoding=\"async\" class=\"alignleft size-thumbnail wp-image-365\" title=\"resized_Gilson de Souza 0673\" alt=\"\" src=\"http:\/\/sustentar.net\/2012\/wp-content\/uploads\/2012\/03\/resized_Gilson-de-Souza-0673-150x150.jpg\" width=\"150\" height=\"150\" \/><\/a><\/p>\n<p><a href=\"http:\/\/sustentar.net\/2012\/wp-content\/uploads\/2012\/03\/resized_Gilson-de-Souza-0645.jpg\"><img loading=\"lazy\" decoding=\"async\" class=\"alignleft size-thumbnail wp-image-366\" title=\"resized_Gilson de Souza 0645\" alt=\"\" src=\"http:\/\/sustentar.net\/2012\/wp-content\/uploads\/2012\/03\/resized_Gilson-de-Souza-0645-150x150.jpg\" width=\"150\" height=\"150\" \/><\/a><\/p>\n<p><a href=\"http:\/\/sustentar.net\/2012\/wp-content\/uploads\/2012\/03\/IMG_8908.jpg\"><img loading=\"lazy\" decoding=\"async\" class=\"alignleft size-thumbnail wp-image-367\" title=\"IMG_8908\" alt=\"\" src=\"http:\/\/sustentar.net\/2012\/wp-content\/uploads\/2012\/03\/IMG_8908-150x150.jpg\" width=\"150\" height=\"150\" \/><\/a><a href=\"http:\/\/sustentar.net\/2012\/wp-content\/uploads\/2012\/03\/resized_Gilson-de-Souza-0006.jpg\"><img loading=\"lazy\" decoding=\"async\" class=\"alignleft size-thumbnail wp-image-369\" title=\"resized_Gilson de Souza 0006\" alt=\"\" src=\"http:\/\/sustentar.net\/2012\/wp-content\/uploads\/2012\/03\/resized_Gilson-de-Souza-0006-150x150.jpg\" width=\"150\" height=\"150\" \/><\/a><a href=\"http:\/\/sustentar.net\/2012\/wp-content\/uploads\/2012\/03\/resized_Gilson-de-Souza-0668.jpg\"><img loading=\"lazy\" decoding=\"async\" class=\"alignleft size-thumbnail wp-image-370\" title=\"resized_Gilson de Souza 0668\" alt=\"\" src=\"http:\/\/sustentar.net\/2012\/wp-content\/uploads\/2012\/03\/resized_Gilson-de-Souza-0668-150x150.jpg\" width=\"150\" height=\"150\" \/><\/a><\/p>\n<p>&nbsp;<\/p>\n<p>&nbsp;<\/p>\n<p>&nbsp;<\/p>\n<p>&nbsp;<\/p>\n<p>&nbsp;<\/p>\n<p>&nbsp;<\/p>\n<p>&nbsp;<\/p>\n<p>&nbsp;<\/p>\n<p>&nbsp;<\/p>\n<p><a href=\"http:\/\/sustentar.net\/2012\/wp-content\/uploads\/2012\/03\/resized_Gilson-de-Souza-0023.jpg\"><img loading=\"lazy\" decoding=\"async\" class=\"alignleft size-thumbnail wp-image-381\" title=\"resized_Gilson de Souza 0023\" alt=\"\" src=\"http:\/\/sustentar.net\/2012\/wp-content\/uploads\/2012\/03\/resized_Gilson-de-Souza-0023-150x150.jpg\" width=\"150\" height=\"150\" \/><\/a><\/p>\n<p><a href=\"http:\/\/sustentar.net\/2012\/wp-content\/uploads\/2012\/03\/resized_Gilson-de-Souza-0388.jpg\"><img loading=\"lazy\" decoding=\"async\" class=\"alignleft size-thumbnail wp-image-384\" title=\"resized_Gilson de Souza 0388\" alt=\"\" src=\"http:\/\/sustentar.net\/2012\/wp-content\/uploads\/2012\/03\/resized_Gilson-de-Souza-0388-150x150.jpg\" width=\"150\" height=\"150\" \/><\/a><\/p>\n<p><a href=\"http:\/\/sustentar.net\/2012\/wp-content\/uploads\/2012\/03\/resized_Gilson-de-Souza-0425.jpg\"><img loading=\"lazy\" decoding=\"async\" class=\"alignleft size-thumbnail wp-image-385\" title=\"resized_Gilson de Souza 0425\" alt=\"\" src=\"http:\/\/sustentar.net\/2012\/wp-content\/uploads\/2012\/03\/resized_Gilson-de-Souza-0425-150x150.jpg\" width=\"150\" height=\"150\" \/><\/a><\/p>\n<p>&nbsp;<\/p>\n<p>&nbsp;<\/p>\n<p>&nbsp;<\/p>\n<p>&nbsp;<\/p>\n<p>&nbsp;<\/p>\n<p><a href=\"http:\/\/sustentar.net\/2012\/wp-content\/uploads\/2012\/03\/resized_Gilson-de-Souza-0509.jpg\"><img loading=\"lazy\" decoding=\"async\" class=\"alignleft size-thumbnail wp-image-386\" title=\"resized_Gilson de Souza 0509\" alt=\"\" src=\"http:\/\/sustentar.net\/2012\/wp-content\/uploads\/2012\/03\/resized_Gilson-de-Souza-0509-150x150.jpg\" width=\"150\" height=\"150\" \/><\/a><\/p>\n<p><a href=\"http:\/\/sustentar.net\/2012\/wp-content\/uploads\/2012\/03\/resized_Gilson-de-Souza-0769.jpg\"><img loading=\"lazy\" decoding=\"async\" class=\"alignleft size-thumbnail wp-image-387\" title=\"resized_Gilson de Souza 0769\" alt=\"\" src=\"http:\/\/sustentar.net\/2012\/wp-content\/uploads\/2012\/03\/resized_Gilson-de-Souza-0769-150x150.jpg\" width=\"150\" height=\"150\" \/><\/a><\/p>\n<p><a href=\"http:\/\/sustentar.net\/2012\/wp-content\/uploads\/2012\/03\/resized_Gilson-de-Souza-0789.jpg\"><img loading=\"lazy\" decoding=\"async\" class=\"alignleft size-thumbnail wp-image-388\" title=\"resized_Gilson de Souza 0789\" alt=\"\" src=\"http:\/\/sustentar.net\/2012\/wp-content\/uploads\/2012\/03\/resized_Gilson-de-Souza-0789-150x150.jpg\" width=\"150\" height=\"150\" \/><\/a><\/p>\n<p>&nbsp;<\/p>\n<p>&nbsp;<\/p>\n<p>&nbsp;<\/p>\n<p><a href=\"http:\/\/sustentar.net\/2012\/wp-content\/uploads\/2012\/03\/resized_Gilson-de-Souza-0805.jpg\"><img loading=\"lazy\" decoding=\"async\" class=\"alignleft size-thumbnail wp-image-389\" title=\"resized_Gilson de Souza 0805\" alt=\"\" src=\"http:\/\/sustentar.net\/2012\/wp-content\/uploads\/2012\/03\/resized_Gilson-de-Souza-0805-150x150.jpg\" width=\"150\" height=\"150\" \/><\/a><\/p>\n<p><a href=\"http:\/\/sustentar.net\/2012\/wp-content\/uploads\/2012\/03\/resized_Gilson-de-Souza-08691.jpg\"><img loading=\"lazy\" decoding=\"async\" class=\"alignleft size-thumbnail wp-image-390\" title=\"resized_Gilson de Souza 0869\" alt=\"\" src=\"http:\/\/sustentar.net\/2012\/wp-content\/uploads\/2012\/03\/resized_Gilson-de-Souza-08691-150x150.jpg\" width=\"150\" height=\"150\" \/><\/a><\/p>\n<p>&nbsp;<\/p>\n<p><a href=\"http:\/\/sustentar.net\/2012\/wp-content\/uploads\/2012\/03\/resized_Gilson-de-Souza-0943.jpg\"><img loading=\"lazy\" decoding=\"async\" class=\"alignleft size-thumbnail wp-image-391\" title=\"resized_Gilson de Souza 0943\" alt=\"\" src=\"http:\/\/sustentar.net\/2012\/wp-content\/uploads\/2012\/03\/resized_Gilson-de-Souza-0943-150x150.jpg\" width=\"150\" height=\"150\" \/><\/a><\/p>\n<p>&nbsp;<\/p>\n<p>&nbsp;<\/p>\n<p>&nbsp;<\/p>\n<p>&nbsp;<\/p>\n<p><a href=\"http:\/\/sustentar.net\/2012\/wp-content\/uploads\/2012\/03\/resized_Gilson-de-Souza-0971.jpg\"><img loading=\"lazy\" decoding=\"async\" class=\"alignleft size-thumbnail wp-image-393\" title=\"resized_Gilson de Souza 0971\" alt=\"\" src=\"http:\/\/sustentar.net\/2012\/wp-content\/uploads\/2012\/03\/resized_Gilson-de-Souza-0971-150x150.jpg\" width=\"150\" height=\"150\" \/><\/a><\/p>\n<p>&nbsp;<\/p>\n<p><a href=\"http:\/\/sustentar.net\/2012\/wp-content\/uploads\/2012\/03\/resized_Gilson-de-Souza-1128.jpg\"><img loading=\"lazy\" decoding=\"async\" class=\"alignleft size-thumbnail wp-image-394\" title=\"resized_Gilson de Souza 1128\" alt=\"\" src=\"http:\/\/sustentar.net\/2012\/wp-content\/uploads\/2012\/03\/resized_Gilson-de-Souza-1128-150x150.jpg\" width=\"150\" height=\"150\" \/><\/a><\/p>\n<p><a href=\"http:\/\/sustentar.net\/2012\/wp-content\/uploads\/2012\/03\/resized_Gilson-de-Souza-1335.jpg\"><img loading=\"lazy\" decoding=\"async\" class=\"alignleft size-thumbnail wp-image-395\" title=\"resized_Gilson de Souza 1335\" alt=\"\" src=\"http:\/\/sustentar.net\/2012\/wp-content\/uploads\/2012\/03\/resized_Gilson-de-Souza-1335-150x150.jpg\" width=\"150\" height=\"150\" \/><\/a><\/p>\n<p>&nbsp;<\/p>\n<p>&nbsp;<\/p>\n<p>&nbsp;<\/p>\n<p>&nbsp;<\/p>\n<p><a href=\"http:\/\/sustentar.net\/2012\/wp-content\/uploads\/2012\/03\/resized_Gilson-de-Souza-1648.jpg\"><img loading=\"lazy\" decoding=\"async\" class=\"alignleft size-thumbnail wp-image-396\" title=\"resized_Gilson de Souza 1648\" alt=\"\" src=\"http:\/\/sustentar.net\/2012\/wp-content\/uploads\/2012\/03\/resized_Gilson-de-Souza-1648-150x150.jpg\" width=\"150\" height=\"150\" \/><\/a><\/p>\n<p><a href=\"http:\/\/sustentar.net\/2012\/wp-content\/uploads\/2012\/03\/resized_Gilson-de-Souza-1751.jpg\"><img loading=\"lazy\" decoding=\"async\" class=\"alignleft size-thumbnail wp-image-397\" title=\"resized_Gilson de Souza 1751\" alt=\"\" src=\"http:\/\/sustentar.net\/2012\/wp-content\/uploads\/2012\/03\/resized_Gilson-de-Souza-1751-150x150.jpg\" width=\"150\" height=\"150\" \/><\/a><\/p>\n<p><a href=\"http:\/\/sustentar.net\/2012\/wp-content\/uploads\/2012\/03\/SH100008.jpg\"><img loading=\"lazy\" decoding=\"async\" class=\"alignleft size-thumbnail wp-image-398\" title=\"SH100008\" alt=\"\" src=\"http:\/\/sustentar.net\/2012\/wp-content\/uploads\/2012\/03\/SH100008-150x150.jpg\" width=\"150\" height=\"150\" \/><\/a><\/p>\n<p>&nbsp;<\/p>\n<p>&nbsp;<\/p>\n<p>&nbsp;<\/p>\n<p>&nbsp;<\/p>\n<p><a href=\"http:\/\/sustentar.net\/2012\/wp-content\/uploads\/2012\/03\/SH100124.jpg\"><img loading=\"lazy\" decoding=\"async\" class=\"alignleft size-thumbnail wp-image-399\" title=\"SH100124\" alt=\"\" src=\"http:\/\/sustentar.net\/2012\/wp-content\/uploads\/2012\/03\/SH100124-150x150.jpg\" width=\"150\" height=\"150\" \/><\/a><\/p>\n<p><a href=\"http:\/\/sustentar.net\/2012\/wp-content\/uploads\/2012\/03\/SH1002371.jpg\"><img loading=\"lazy\" decoding=\"async\" class=\"alignleft size-thumbnail wp-image-400\" title=\"SH100237\" alt=\"\" src=\"http:\/\/sustentar.net\/2012\/wp-content\/uploads\/2012\/03\/SH1002371-150x150.jpg\" width=\"150\" height=\"150\" \/><\/a><\/p>\n<p><a href=\"http:\/\/sustentar.net\/2012\/wp-content\/uploads\/2012\/03\/2222222222.jpg\"><img loading=\"lazy\" decoding=\"async\" class=\"alignleft  wp-image-404\" title=\"2222222222\" alt=\"\" src=\"http:\/\/sustentar.net\/2012\/wp-content\/uploads\/2012\/03\/2222222222-150x150.jpg\" width=\"150\" height=\"150\" \/><\/a><\/p>\n<p>&nbsp;<\/p>\n<p><a href=\"http:\/\/www.sustentar.net\/2015\/wp-content\/uploads\/2012\/03\/Nossa-Betim.jpg\"><img loading=\"lazy\" decoding=\"async\" class=\"alignleft size-thumbnail wp-image-1238\" title=\"Nossa Betim\" alt=\"\" src=\"http:\/\/www.sustentar.net\/2015\/wp-content\/uploads\/2012\/03\/Nossa-Betim-150x150.jpg\" width=\"150\" height=\"150\" \/><\/a><\/p>\n<p>&nbsp;<\/p>\n<p>&nbsp;<\/p>\n<p>&nbsp;<\/p>\n<p>&nbsp;<\/p>\n<p>&nbsp;<\/p>\n<p>&nbsp;<\/p>\n<p>&nbsp;<\/p>\n<p>&nbsp;<\/p>\n<p><a href=\"http:\/\/www.sustentar.net\/2015\/wp-content\/uploads\/2012\/03\/resized_Gilson-de-Souza-0504.jpg\"><img loading=\"lazy\" decoding=\"async\" class=\"alignleft size-thumbnail wp-image-1249\" title=\"resized_Gilson de Souza 0504\" alt=\"\" src=\"http:\/\/www.sustentar.net\/2015\/wp-content\/uploads\/2012\/03\/resized_Gilson-de-Souza-0504-150x150.jpg\" width=\"150\" height=\"150\" \/><\/a><\/p>\n<p><a href=\"http:\/\/www.sustentar.net\/2015\/wp-content\/uploads\/2012\/03\/Nativo-Florestal.jpg\"><img loading=\"lazy\" decoding=\"async\" class=\"alignleft size-thumbnail wp-image-1237\" title=\"Nativo Florestal\" alt=\"\" src=\"http:\/\/www.sustentar.net\/2015\/wp-content\/uploads\/2012\/03\/Nativo-Florestal-150x150.jpg\" width=\"150\" height=\"150\" \/><\/a><\/p>\n<p>&nbsp;<\/p>\n<p>&nbsp;<\/p>\n<p>&nbsp;<\/p>\n<p>&nbsp;<\/p>\n<p><a href=\"http:\/\/www.sustentar.net\/2015\/wp-content\/uploads\/2012\/03\/Estande-Falconiformes.jpg\"><img loading=\"lazy\" decoding=\"async\" class=\"alignleft size-thumbnail wp-image-1234\" title=\"Estande Falconiformes\" alt=\"\" src=\"http:\/\/www.sustentar.net\/2015\/wp-content\/uploads\/2012\/03\/Estande-Falconiformes-150x150.jpg\" width=\"150\" height=\"150\" \/><\/a><\/p>\n<p>&nbsp;<\/p>\n<p>&nbsp;<\/p>\n<p><a href=\"http:\/\/www.sustentar.net\/2015\/wp-content\/uploads\/2012\/03\/UFMG.jpg\"><img loading=\"lazy\" decoding=\"async\" class=\"alignleft size-thumbnail wp-image-1239\" title=\"UFMG\" alt=\"\" src=\"http:\/\/www.sustentar.net\/2015\/wp-content\/uploads\/2012\/03\/UFMG-150x150.jpg\" width=\"150\" height=\"150\" \/><\/a><\/p>\n<p><a href=\"http:\/\/www.sustentar.net\/2015\/wp-content\/uploads\/2012\/03\/Gari-Fashion.jpg\"><img loading=\"lazy\" decoding=\"async\" class=\"alignleft size-thumbnail wp-image-1236\" title=\"Gari Fashion\" alt=\"\" src=\"http:\/\/www.sustentar.net\/2015\/wp-content\/uploads\/2012\/03\/Gari-Fashion-150x150.jpg\" width=\"150\" height=\"150\" \/><\/a><\/p>\n<p>&nbsp;<\/p>\n<p>&nbsp;<\/p>\n<p>&nbsp;<\/p>\n<p>&nbsp;<\/p>\n<p>&nbsp;<\/p>\n<p>&nbsp;<\/p>\n<p>&nbsp;<\/p>\n<p>&nbsp;<\/p>\n","protected":false},"excerpt":{"rendered":"<p>Feira Sustentar 2015 A\u00a0\u00a08\u00aa Feira de Tecnologias, Produtos e Servi\u00e7os de Responsabilidade Socioambiental,\u00a0paralela ao\u00a0Sustentar 2015 \u2013 8\u00ba F\u00f3rum Internacional pelo Desenvolvimento Sustent\u00e1vel, ser\u00e1 realizada\u00a0no dia 15 de outubro de 2015. A Feira \u00e9 aberta ao p\u00fablico e se caracteriza como uma excelente oportunidade para sua empresa apresentar produtos, tecnologias e servi\u00e7os, demonstrar os resultados das [&hellip;]<\/p>\n","protected":false},"author":4,"featured_media":1255,"parent":0,"menu_order":0,"comment_status":"open","ping_status":"open","template":"","meta":{"_acf_changed":false,"footnotes":""},"class_list":["post-13","page","type-page","status-publish","has-post-thumbnail","hentry"],"acf":[],"aioseo_notices":[],"_links":{"self":[{"href":"http:\/\/www.sustentar.net\/2015\/wp-json\/wp\/v2\/pages\/13","targetHints":{"allow":["GET"]}}],"collection":[{"href":"http:\/\/www.sustentar.net\/2015\/wp-json\/wp\/v2\/pages"}],"about":[{"href":"http:\/\/www.sustentar.net\/2015\/wp-json\/wp\/v2\/types\/page"}],"author":[{"embeddable":true,"href":"http:\/\/www.sustentar.net\/2015\/wp-json\/wp\/v2\/users\/4"}],"replies":[{"embeddable":true,"href":"http:\/\/www.sustentar.net\/2015\/wp-json\/wp\/v2\/comments?post=13"}],"version-history":[{"count":42,"href":"http:\/\/www.sustentar.net\/2015\/wp-json\/wp\/v2\/pages\/13\/revisions"}],"predecessor-version":[{"id":2632,"href":"http:\/\/www.sustentar.net\/2015\/wp-json\/wp\/v2\/pages\/13\/revisions\/2632"}],"wp:featuredmedia":[{"embeddable":true,"href":"http:\/\/www.sustentar.net\/2015\/wp-json\/wp\/v2\/media\/1255"}],"wp:attachment":[{"href":"http:\/\/www.sustentar.net\/2015\/wp-json\/wp\/v2\/media?parent=13"}],"curies":[{"name":"wp","href":"https:\/\/api.w.org\/{rel}","templated":true}]}}