{"id":17,"date":"2012-03-08T00:54:14","date_gmt":"2012-03-08T00:54:14","guid":{"rendered":"http:\/\/sustentar.net\/2012\/?page_id=17"},"modified":"2015-10-01T22:37:36","modified_gmt":"2015-10-01T22:37:36","slug":"instituicao","status":"publish","type":"page","link":"http:\/\/www.sustentar.net\/2015\/forum\/instituicao","title":{"rendered":"Institui\u00e7\u00e3o"},"content":{"rendered":"<h2>Institui\u00e7\u00e3o<\/h2>\n<p><strong>O QUE \u00c9:<\/strong><\/p>\n<p>O\u00a0<a href=\"http:\/\/www.sustentar.net\/\">Instituto Sustentar de Responsabilidade Socioambiental\u00a0<\/a>\u00a0\u00e9 uma Organiza\u00e7\u00e3o da Sociedade Civil de Interesse P\u00fablico (Oscip), que tem como miss\u00e3o contribuir com caminhos e op\u00e7\u00f5es que assegurem a sustentabilidade dos servi\u00e7os ambientais e a prosperidade social.<\/p>\n<p>O Instituto Sustentar tem por objetivo a cria\u00e7\u00e3o, planejamento e execu\u00e7\u00e3o de projetos e programas de desenvolvimento sustent\u00e1vel e desenvolvimento de comunidades, com foco na preserva\u00e7\u00e3o ambiental e promo\u00e7\u00e3o da inclus\u00e3o social.<\/p>\n<p>O Instituto \u00e9 respons\u00e1vel pela cria\u00e7\u00e3o e coordena\u00e7\u00e3o do \u201c<a href=\"http:\/\/www.sustentar.net\/\">Sustentar \u2013 F\u00f3rum Internacional pelo Desenvolvimento Sustent\u00e1vel<\/a>\u201d. O evento \u00e9 realizado anualmente e est\u00e1 na sua oitava edi\u00e7\u00e3o. Apresenta-se como meio para discuss\u00e3o de temas vinculados \u00e0 sustentabilidade, e promove o estabelecimento de parcerias para fomentar estrat\u00e9gias que contribuam para a constru\u00e7\u00e3o de um mundo melhor, com responsabilidade ambiental, social e cultural.<\/p>\n<p>A converg\u00eancia de debates e discuss\u00f5es sensibiliza a sociedade e a convida para a reflex\u00e3o sobre todos os modelos vigentes. Por isso, o Sustentar \u00e9 uma excelente oportunidade para promover transforma\u00e7\u00f5es substanciais relacionadas \u00e0s quest\u00f5es socioambientais do planeta, do Brasil e da nossa comunidade. Um novo olhar e uma postura mais conscientes s\u00e3o imprescind\u00edveis para viabilizar a constru\u00e7\u00e3o de um modelo econ\u00f4mico harm\u00f4nico, que permita o desenvolvimento sustent\u00e1vel e que garanta que progresso socioecon\u00f4mico e preserva\u00e7\u00e3o ambiental caminhem lado a lado.<\/p>\n<p><strong>Servi\u00e7os:<\/strong><\/p>\n<ul>\n<li>Diagn\u00f3stico de impactos socioambientais das empresas;<\/li>\n<li>Desenvolvimento de comunica\u00e7\u00e3o estrat\u00e9gica para a sustentabilidade;<\/li>\n<li>Proposi\u00e7\u00e3o e monitoramento de planos de a\u00e7\u00e3o que reorientem a gest\u00e3o das empresas pela \u00f3tica do desenvolvimento sustent\u00e1vel.<\/li>\n<li>Invent\u00e1rio completo de esp\u00e9cies de vida silvestre (fotografia, filmagem e geoprocessamento)<\/li>\n<li>Elabora\u00e7\u00e3o e acompanhamento de pol\u00edticas de responsabilidade socioambiental.<\/li>\n<li>Diagn\u00f3stico da aplica\u00e7\u00e3o do conceito de desenvolvimento sustent\u00e1vel nas principais pol\u00edticas p\u00fablicas.<\/li>\n<li>Formula\u00e7\u00e3o e monitoramento dos planos de reorienta\u00e7\u00e3o da gest\u00e3o com base no desenvolvimento sustent\u00e1vel.<\/li>\n<li>Educa\u00e7\u00e3o socioambiental para a sustentabilidade.<\/li>\n<li>Desenvolvimento de parcerias, mapeamento e engajamento em di\u00e1logos de\u00a0stakeholders\u00a0em diversas quest\u00f5es fundamentais para a sustentabilidade.<\/li>\n<\/ul>\n<p>Para conhecer mais sobre os projetos do Instituto Sustentar, veja tamb\u00e9m:<\/p>\n<p><strong><a href=\"http:\/\/www.bichosdopantanal.org\">Projeto Bichos do Pantanal<\/a>, <\/strong>realizado pelo Instituto Sustentar,\u00a0foi o maior projeto aprovado no \u00faltimo edital da\u00a0<strong>Petrobras<\/strong>, pelo Programa Petrobras Socioambiental de 2012. O projeto atua em tr\u00eas vertentes: pesquisa para preserva\u00e7\u00e3o e conserva\u00e7\u00e3o de esp\u00e9cies da fauna como on\u00e7as-pintadas, aves, peixes e ariranhas e lontras. O projeto desenvolve tamb\u00e9m, com o apoio de universidades internacionais e locais, pesquisa sobre os impactos da mudan\u00e7a do clima no Pantanal.<\/p>\n<p>Outro foco da atua\u00e7\u00e3o do projeto Bichos do Pantanal \u00e9 a educa\u00e7\u00e3o ambiental de mais de 30 mil crian\u00e7as e jovens das escolas de C\u00e1ceres e regi\u00e3o, assim como educa\u00e7\u00e3o ambiental para turistas e a popula\u00e7\u00e3o local, por meio de atividades de reconex\u00e3o com a natureza, que consistem em aulas de campo, palestras e workshops em trilhas ou barco do Projeto, equipadas com bin\u00f3culos para cada um dos participantes, al\u00e9m de lunetas\u00a0e instrutores ambientais capacitados na identifica\u00e7\u00e3o das esp\u00e9cies da fauna e utilizando cartilhas desenvolvidas pelo Projeto. Hortas escolares e plantio de \u00e1rvores tamb\u00e9m est\u00e3o sendo implantados pelo Projeto.<\/p>\n<p>O terceiro foco de nossas atividades \u00e9 o desenvolvimento local para a gera\u00e7\u00e3o de emprego e renda atrav\u00e9s da <strong>Rede de Coopera\u00e7\u00e3o <\/strong>criada pelo Projeto, que agrega os<em> stakeholders<\/em> locais (agentes de turismo, pescadores, acad\u00eamicos, poder p\u00fablico e empres\u00e1rios), em prol do desenvolvimento de atividades que gerem renda e, tamb\u00e9m, empoderem as popula\u00e7\u00f5es tradicionais da regi\u00e3o como, por exemplo, o turismo de observa\u00e7\u00e3o de vida Silvestre, o artesanato etc.<\/p>\n<p>Para conhecer mais, acesse: <a href=\"http:\/\/www.bichosdopantanal.org\">www.bichosdopantanal.org<\/a><\/p>\n","protected":false},"excerpt":{"rendered":"<p>Institui\u00e7\u00e3o O QUE \u00c9: O\u00a0Instituto Sustentar de Responsabilidade Socioambiental\u00a0\u00a0\u00e9 uma Organiza\u00e7\u00e3o da Sociedade Civil de Interesse P\u00fablico (Oscip), que tem como miss\u00e3o contribuir com caminhos e op\u00e7\u00f5es que assegurem a sustentabilidade dos servi\u00e7os ambientais e a prosperidade social. O Instituto Sustentar tem por objetivo a cria\u00e7\u00e3o, planejamento e execu\u00e7\u00e3o de projetos e programas de desenvolvimento [&hellip;]<\/p>\n","protected":false},"author":4,"featured_media":303,"parent":6,"menu_order":0,"comment_status":"open","ping_status":"open","template":"","meta":{"_acf_changed":false,"footnotes":""},"class_list":["post-17","page","type-page","status-publish","has-post-thumbnail","hentry"],"acf":[],"aioseo_notices":[],"_links":{"self":[{"href":"http:\/\/www.sustentar.net\/2015\/wp-json\/wp\/v2\/pages\/17","targetHints":{"allow":["GET"]}}],"collection":[{"href":"http:\/\/www.sustentar.net\/2015\/wp-json\/wp\/v2\/pages"}],"about":[{"href":"http:\/\/www.sustentar.net\/2015\/wp-json\/wp\/v2\/types\/page"}],"author":[{"embeddable":true,"href":"http:\/\/www.sustentar.net\/2015\/wp-json\/wp\/v2\/users\/4"}],"replies":[{"embeddable":true,"href":"http:\/\/www.sustentar.net\/2015\/wp-json\/wp\/v2\/comments?post=17"}],"version-history":[{"count":22,"href":"http:\/\/www.sustentar.net\/2015\/wp-json\/wp\/v2\/pages\/17\/revisions"}],"predecessor-version":[{"id":2911,"href":"http:\/\/www.sustentar.net\/2015\/wp-json\/wp\/v2\/pages\/17\/revisions\/2911"}],"up":[{"embeddable":true,"href":"http:\/\/www.sustentar.net\/2015\/wp-json\/wp\/v2\/pages\/6"}],"wp:featuredmedia":[{"embeddable":true,"href":"http:\/\/www.sustentar.net\/2015\/wp-json\/wp\/v2\/media\/303"}],"wp:attachment":[{"href":"http:\/\/www.sustentar.net\/2015\/wp-json\/wp\/v2\/media?parent=17"}],"curies":[{"name":"wp","href":"https:\/\/api.w.org\/{rel}","templated":true}]}}