{"id":63,"date":"2012-03-08T02:11:05","date_gmt":"2012-03-08T02:11:05","guid":{"rendered":"http:\/\/sustentar.net\/2012\/?page_id=63"},"modified":"2015-09-10T15:25:10","modified_gmt":"2015-09-10T15:25:10","slug":"patrocinio","status":"publish","type":"page","link":"http:\/\/www.sustentar.net\/2015\/patrocinio","title":{"rendered":"Patroc\u00ednio"},"content":{"rendered":"<h2>Patroc\u00ednio<\/h2>\n<p>No <strong>SUSTENTAR 2015<\/strong>, sua empresa poder\u00e1 promover com sucesso a marca e a imagem institucional da organiza\u00e7\u00e3o junto \u00e0 popula\u00e7\u00e3o, aos \u00f3rg\u00e3os p\u00fablicos, aos setores industriais, econ\u00f4micos, financeiros, culturais, acad\u00eamicos, sociais e \u00e0 imprensa nacional e internacional.<\/p>\n<p><strong>Al\u00e9m disso, o patroc\u00ednio \u00e9 ideal para:<\/strong><\/p>\n<ul>\n<li>Exposi\u00e7\u00e3o do seu produto, servi\u00e7o ou projeto ambiental a renomados profissionais da \u00e1rea e a um grande p\u00fablico formador de opini\u00e3o;<\/li>\n<li>Destaque para a responsabilidade ambiental e social das empresas atrav\u00e9s da apresenta\u00e7\u00e3o dos seus projetos;<\/li>\n<li>Maximiza\u00e7\u00e3o das estrat\u00e9gias de comunica\u00e7\u00e3o por meio de divulga\u00e7\u00e3o da marca da empresa;<\/li>\n<li>Networking com as principais companhias privadas, consultores nacionais e internacionais, estimulando parcerias e captando novos mercados e clientes;<\/li>\n<li>Oportunidade para contatar palestrantes internacionais e nacionais altamente qualificados, com renomada inser\u00e7\u00e3o nas \u00e1reas ambiental e social;<\/li>\n<li>Possibilidade de trocar informa\u00e7\u00f5es de tecnologias ambientais inovadoras para o aprimoramento de produtos, processos e ferramentas de responsabilidade social;<\/li>\n<li>Ampla cobertura da m\u00eddia;<\/li>\n<li>Associa\u00e7\u00e3o da marca de sua empresa a iniciativas inovadoras com poder de transforma\u00e7\u00e3o nas dimens\u00f5es social e ambiental;<\/li>\n<\/ul>\n<p>Aproveite esta oportunidade para promover a constru\u00e7\u00e3o de um mundo melhor, com responsabilidade ambiental, social e econ\u00f4mica.<\/p>\n<h2>Contato:<\/h2>\n<p>Tels.: (31) 3318 8037 e 2516.3382<br \/>\nE-mails: \u00a0<a href=\"mailto:lucimara@sustentar.net\" target=\"_blank\">lucimara@sustentar.net<\/a>\u00a0 \u00a0\/\u00a0\u00a0<a href=\"mailto:info@sustentar.net\" target=\"_blank\">info@sustentar.net<\/a><\/p>\n<p>&nbsp;<\/p>\n","protected":false},"excerpt":{"rendered":"<p>Patroc\u00ednio No SUSTENTAR 2015, sua empresa poder\u00e1 promover com sucesso a marca e a imagem institucional da organiza\u00e7\u00e3o junto \u00e0 popula\u00e7\u00e3o, aos \u00f3rg\u00e3os p\u00fablicos, aos setores industriais, econ\u00f4micos, financeiros, culturais, acad\u00eamicos, sociais e \u00e0 imprensa nacional e internacional. Al\u00e9m disso, o patroc\u00ednio \u00e9 ideal para: Exposi\u00e7\u00e3o do seu produto, servi\u00e7o ou projeto ambiental a renomados [&hellip;]<\/p>\n","protected":false},"author":4,"featured_media":379,"parent":0,"menu_order":0,"comment_status":"open","ping_status":"open","template":"","meta":{"_acf_changed":false,"footnotes":""},"class_list":["post-63","page","type-page","status-publish","has-post-thumbnail","hentry"],"acf":[],"aioseo_notices":[],"_links":{"self":[{"href":"http:\/\/www.sustentar.net\/2015\/wp-json\/wp\/v2\/pages\/63","targetHints":{"allow":["GET"]}}],"collection":[{"href":"http:\/\/www.sustentar.net\/2015\/wp-json\/wp\/v2\/pages"}],"about":[{"href":"http:\/\/www.sustentar.net\/2015\/wp-json\/wp\/v2\/types\/page"}],"author":[{"embeddable":true,"href":"http:\/\/www.sustentar.net\/2015\/wp-json\/wp\/v2\/users\/4"}],"replies":[{"embeddable":true,"href":"http:\/\/www.sustentar.net\/2015\/wp-json\/wp\/v2\/comments?post=63"}],"version-history":[{"count":25,"href":"http:\/\/www.sustentar.net\/2015\/wp-json\/wp\/v2\/pages\/63\/revisions"}],"predecessor-version":[{"id":2586,"href":"http:\/\/www.sustentar.net\/2015\/wp-json\/wp\/v2\/pages\/63\/revisions\/2586"}],"wp:featuredmedia":[{"embeddable":true,"href":"http:\/\/www.sustentar.net\/2015\/wp-json\/wp\/v2\/media\/379"}],"wp:attachment":[{"href":"http:\/\/www.sustentar.net\/2015\/wp-json\/wp\/v2\/media?parent=63"}],"curies":[{"name":"wp","href":"https:\/\/api.w.org\/{rel}","templated":true}]}}