{"id":69,"date":"2012-03-08T02:18:56","date_gmt":"2012-03-08T02:18:56","guid":{"rendered":"http:\/\/sustentar.net\/2012\/?page_id=69"},"modified":"2015-09-11T18:03:13","modified_gmt":"2015-09-11T18:03:13","slug":"edicoes-anteriores","status":"publish","type":"page","link":"http:\/\/www.sustentar.net\/2015\/edicoes-anteriores","title":{"rendered":"Edi\u00e7\u00f5es Anteriores"},"content":{"rendered":"<h2>Edi\u00e7\u00f5es Anteriores<\/h2>\n<p>O <strong>SUSTENTAR<\/strong> &#8211; F\u00f3rum Internacional pelo Desenvolvimento Sustent\u00e1vel \u00e9 uma excelente oportunidade para promover um debate amplo de importantes quest\u00f5es socioambientais do planeta, do pa\u00eds e da comunidade.<\/p>\n<p>Em todas as edi\u00e7\u00f5es anteriores, O <strong>SUSTENTAR<\/strong> contou com a participa\u00e7\u00e3o de renomados especialistas, executivos, lideran\u00e7as e autoridades nacionais e internacionais em desenvolvimento sustent\u00e1vel, gerando exposi\u00e7\u00e3o de solu\u00e7\u00f5es para os desafios que a quest\u00e3o da sustentabilidade traz para governo, empresas e sociedade civil.<\/p>\n<p>Sediado em Belo Horizonte h\u00e1 oito anos, desde a sua primeira edi\u00e7\u00e3o, \u00e9 considerado um dos mais representativos eventos sobre sustentabilidade do Brasil.<\/p>\n<p>Confira as edi\u00e7\u00f5es anteriores:<\/p>\n<p><a href=\"http:\/\/sustentar.net\/2014\" target=\"_blank\"><strong>Sustentar 2014<\/strong><\/a><br \/>\nTema:\u00a0Cidades Sustent\u00e1veis<\/p>\n<p><a href=\"http:\/\/sustentar.net\/2013\" target=\"_blank\"><strong>Sustentar 2013<\/strong><\/a><br \/>\nTema:\u00a0Constru\u00e7\u00e3o de Na\u00e7\u00e3o Sustent\u00e1vel<\/p>\n<p><strong><a href=\"http:\/\/sustentar.net\/2012\" target=\"_blank\">Sustentar 2012<\/a><\/strong><br \/>\nTema: A nova economia: A transforma\u00e7\u00e3o da sociedade, das pessoas e das empresas.<\/p>\n<p><strong><a href=\"http:\/\/www.sustentar.net\/2011\" target=\"_blank\">Sustentar 2011<\/a><\/strong><br \/>\nTema: &#8220;Sustentabilidade na pr\u00e1tica: tend\u00eancias globais, inova\u00e7\u00e3o, oportunidades e educa\u00e7\u00e3o&#8221;<\/p>\n<p><strong><a href=\"http:\/\/www.sustentar.net\/2010\" target=\"_blank\">Sustentar 2010<\/a><\/strong><br \/>\nTema: &#8220;Construindo Caminhos: Lideran\u00e7a e Empreendedorismo Socioambiental&#8221;<\/p>\n<p><strong><a href=\"http:\/\/www.flickr.com\/photos\/forumsustentar\/sets\/72157626401329633\/\" target=\"_blank\">Sustentar 2009<\/a><\/strong><br \/>\nTema: &#8220;Desenvolvimento Sustent\u00e1vel: Caminhos e Cen\u00e1rios \u00e0 Nossa Escolha&#8221;<\/p>\n<p><strong><a href=\"http:\/\/www.flickr.com\/photos\/forumsustentar\/sets\/72157629306095351\/\" target=\"_blank\">Sustentar \u2013 Edi\u00e7\u00e3o Ver\u00e3o<\/a><\/strong><br \/>\nTema: &#8220;Rumo a Rio+20&#8221;.<\/p>\n","protected":false},"excerpt":{"rendered":"<p>Edi\u00e7\u00f5es Anteriores O SUSTENTAR &#8211; F\u00f3rum Internacional pelo Desenvolvimento Sustent\u00e1vel \u00e9 uma excelente oportunidade para promover um debate amplo de importantes quest\u00f5es socioambientais do planeta, do pa\u00eds e da comunidade. Em todas as edi\u00e7\u00f5es anteriores, O SUSTENTAR contou com a participa\u00e7\u00e3o de renomados especialistas, executivos, lideran\u00e7as e autoridades nacionais e internacionais em desenvolvimento sustent\u00e1vel, gerando [&hellip;]<\/p>\n","protected":false},"author":4,"featured_media":287,"parent":0,"menu_order":0,"comment_status":"open","ping_status":"open","template":"","meta":{"_acf_changed":false,"footnotes":""},"class_list":["post-69","page","type-page","status-publish","has-post-thumbnail","hentry"],"acf":[],"aioseo_notices":[],"_links":{"self":[{"href":"http:\/\/www.sustentar.net\/2015\/wp-json\/wp\/v2\/pages\/69","targetHints":{"allow":["GET"]}}],"collection":[{"href":"http:\/\/www.sustentar.net\/2015\/wp-json\/wp\/v2\/pages"}],"about":[{"href":"http:\/\/www.sustentar.net\/2015\/wp-json\/wp\/v2\/types\/page"}],"author":[{"embeddable":true,"href":"http:\/\/www.sustentar.net\/2015\/wp-json\/wp\/v2\/users\/4"}],"replies":[{"embeddable":true,"href":"http:\/\/www.sustentar.net\/2015\/wp-json\/wp\/v2\/comments?post=69"}],"version-history":[{"count":16,"href":"http:\/\/www.sustentar.net\/2015\/wp-json\/wp\/v2\/pages\/69\/revisions"}],"predecessor-version":[{"id":2633,"href":"http:\/\/www.sustentar.net\/2015\/wp-json\/wp\/v2\/pages\/69\/revisions\/2633"}],"wp:featuredmedia":[{"embeddable":true,"href":"http:\/\/www.sustentar.net\/2015\/wp-json\/wp\/v2\/media\/287"}],"wp:attachment":[{"href":"http:\/\/www.sustentar.net\/2015\/wp-json\/wp\/v2\/media?parent=69"}],"curies":[{"name":"wp","href":"https:\/\/api.w.org\/{rel}","templated":true}]}}