{"id":73,"date":"2012-03-08T02:23:13","date_gmt":"2012-03-08T02:23:13","guid":{"rendered":"http:\/\/sustentar.net\/2012\/?page_id=73"},"modified":"2015-10-14T12:39:10","modified_gmt":"2015-10-14T12:39:10","slug":"imprensa","status":"publish","type":"page","link":"http:\/\/www.sustentar.net\/2015\/imprensa","title":{"rendered":"Imprensa"},"content":{"rendered":"<h2>Assessoria de Imprensa<\/h2>\n<h3>Jussara Utsch<\/h3>\n<p><a href=\"mailto:jussara.utsch@institutosustentar.net\">jussara.utsch@institutosustentar.net<\/a><br \/>\nContato:\u00a0(31) 2515-3382 | (31) 98342-3382<\/p>\n<h3>Alexandra Reinoso<\/h3>\n<p>INTERFACE<br \/>\n<a href=\"http:\/\/www.interfacecomunicacao.com.br\" target=\"_blank\">www.interfacecomunicacao.com.br<\/a><br \/>\nContato: (31) 3211.7531 | (31) 3211.7500 | (31) 98826-2199<\/p>\n<hr \/>\n<h3><strong>Sustentar 2015<\/strong><\/h3>\n<p><a class=\"release\" href=\"\/2015\/imprensa\/releases\">Releases<br \/>\n<\/a><a class=\"clipping\" href=\"\/2015\/imprensa\/clippings\">Clipping<br \/>\n<\/a><a class=\"fotos\" href=\"#\">Fotos<\/a><\/p>\n<h3><strong>Sustentar 2014<\/strong><\/h3>\n<p><a class=\"release\" href=\"#\">Release<br \/>\n<\/a><a class=\"clipping\" href=\"#\">Clipping<br \/>\n<\/a><a class=\"fotos\" href=\"https:\/\/www.flickr.com\/photos\/forumsustentar\/with\/13983919747\/\" target=\"_blank\">Fotos<\/a><\/p>\n<h3><strong>Sustentar 2013<\/strong><\/h3>\n<p><a class=\"release\" href=\"http:\/\/www.sustentar.net\/2015\/wp-content\/uploads\/2013\/09\/Release-2.pdf\" target=\"_blank\">Release<br \/>\n<\/a><a class=\"clipping\" href=\"http:\/\/www.sustentar.net\/2015\/wp-content\/uploads\/2013\/09\/PDF-Online.pdf\" target=\"_blank\">Clipping<br \/>\n<\/a><a class=\"fotos\" href=\"http:\/\/www.flickr.com\/photos\/forumsustentar\/sets\/72157635370810816\/\" target=\"_blank\">Fotos<\/a><strong><a href=\"http:\/\/www.flickr.com\/photos\/forumsustentar\/sets\/72157635370810816\/\" target=\"_blank\"><br \/>\n<\/a><\/strong><\/p>\n<h3><strong>Sustentar 2012<\/strong><\/h3>\n<p><a class=\"release\" href=\"http:\/\/sustentar.net\/2012\/wp-content\/uploads\/2012\/03\/RELEASE-SUSTENTAR-2012.pdf\" target=\"_blank\">Release<\/a> <a class=\"clipping\" href=\"http:\/\/sustentar.net\/2012\/wp-content\/uploads\/2012\/03\/Clip2.pdf\" target=\"_blank\">Clipping<\/a> <a class=\"fotos\" href=\"http:\/\/www.flickr.com\/photos\/forumsustentar\/sets\/72157629306095351\/\" target=\"_blank\">Fotos\u00a0(Edi\u00e7\u00e3o Ver\u00e3o)<\/a><\/p>\n<h3><strong>Sustentar 2011<\/strong><\/h3>\n<p><a class=\"release\" href=\"http:\/\/sustentar.net\/2012\/wp-content\/uploads\/2012\/03\/folder_sustentar_folder_2d.pdf\" target=\"_blank\">Release<br \/>\n<\/a><a class=\"clipping\" href=\"http:\/\/sustentar.net\/2012\/wp-content\/uploads\/2012\/03\/22_merged.pdf\" target=\"_blank\">Clipping<br \/>\n<\/a><a class=\"fotos\" href=\"http:\/\/www.flickr.com\/photos\/forumsustentar\/sets\/72157629306069023\/\" target=\"_blank\">Fotos\u00a0<\/a><\/p>\n","protected":false},"excerpt":{"rendered":"<p>Assessoria de Imprensa Jussara Utsch jussara.utsch@institutosustentar.net Contato:\u00a0(31) 2515-3382 | (31) 98342-3382 Alexandra Reinoso INTERFACE www.interfacecomunicacao.com.br Contato: (31) 3211.7531 | (31) 3211.7500 | (31) 98826-2199 Sustentar 2015 Releases Clipping Fotos Sustentar 2014 Release Clipping Fotos Sustentar 2013 Release Clipping Fotos Sustentar 2012 Release Clipping Fotos\u00a0(Edi\u00e7\u00e3o Ver\u00e3o) Sustentar 2011 Release Clipping Fotos\u00a0<\/p>\n","protected":false},"author":4,"featured_media":297,"parent":0,"menu_order":0,"comment_status":"open","ping_status":"open","template":"","meta":{"_acf_changed":false,"footnotes":""},"class_list":["post-73","page","type-page","status-publish","has-post-thumbnail","hentry"],"acf":[],"aioseo_notices":[],"_links":{"self":[{"href":"http:\/\/www.sustentar.net\/2015\/wp-json\/wp\/v2\/pages\/73","targetHints":{"allow":["GET"]}}],"collection":[{"href":"http:\/\/www.sustentar.net\/2015\/wp-json\/wp\/v2\/pages"}],"about":[{"href":"http:\/\/www.sustentar.net\/2015\/wp-json\/wp\/v2\/types\/page"}],"author":[{"embeddable":true,"href":"http:\/\/www.sustentar.net\/2015\/wp-json\/wp\/v2\/users\/4"}],"replies":[{"embeddable":true,"href":"http:\/\/www.sustentar.net\/2015\/wp-json\/wp\/v2\/comments?post=73"}],"version-history":[{"count":125,"href":"http:\/\/www.sustentar.net\/2015\/wp-json\/wp\/v2\/pages\/73\/revisions"}],"predecessor-version":[{"id":3129,"href":"http:\/\/www.sustentar.net\/2015\/wp-json\/wp\/v2\/pages\/73\/revisions\/3129"}],"wp:featuredmedia":[{"embeddable":true,"href":"http:\/\/www.sustentar.net\/2015\/wp-json\/wp\/v2\/media\/297"}],"wp:attachment":[{"href":"http:\/\/www.sustentar.net\/2015\/wp-json\/wp\/v2\/media?parent=73"}],"curies":[{"name":"wp","href":"https:\/\/api.w.org\/{rel}","templated":true}]}}