{"id":76,"date":"2012-03-08T02:25:21","date_gmt":"2012-03-08T02:25:21","guid":{"rendered":"http:\/\/sustentar.net\/2012\/?page_id=76"},"modified":"2015-10-14T16:41:55","modified_gmt":"2015-10-14T16:41:55","slug":"contato","status":"publish","type":"page","link":"http:\/\/www.sustentar.net\/2015\/contato","title":{"rendered":"Informa\u00e7\u00f5es"},"content":{"rendered":"<h2>Informa\u00e7\u00f5es<\/h2>\n<div style=\"margin-bottom: 20px;\"><\/div>\n<p><strong>O SUSTENTAR 2015<\/strong> acontecer\u00e1 na <strong>FUNDA\u00c7\u00c3O DOM CABRAL (FDC)<\/strong> no Alphaville, Lagoa dos Ingleses em Nova Lima\/MG.<\/p>\n<p>&nbsp;<\/p>\n<p>A FDC \u00e9 um centro de desenvolvimento de executivos, empresas e organiza\u00e7\u00f5es, e \u00e9 a melhor escola de neg\u00f3cios da America Latina de acordo com o Ranking de Educa\u00e7\u00e3o Executiva de 2013 do Financial Times.<\/p>\n<p>&nbsp;<\/p>\n<p>Localizada a 25 quil\u00f4metros de Belo Horizonte, em uma \u00e1rea de 35.840 m\u00b2 situada no Alphaville Lagoa dos Ingleses, em Nova Lima, Minas Gerais. O Campus Aloysio Faria \u00e9 composto pelo Centro Banco Alfa, o Centro de Desenvolvimento do Conhecimento em Gest\u00e3o (CDCG) e o Hotel Mercure Belo Horizonte Lagoa dos Ingleses.<\/p>\n<p>&nbsp;<\/p>\n<p>Incentivamos a todos que venham at\u00e9 o evento atrav\u00e9s de meios de transporte alternativos como sistema de caronas, t\u00e1xi, transporte p\u00fablico e bicicleta.<\/p>\n<hr \/>\n<p><span class=\"azulClaro\"><b>Local do Evento:<\/b><\/span><br \/>\n<strong>Funda\u00e7\u00e3o Dom Cabral &#8211; FDC<\/strong> &#8211; Campus Aloysio Faria | Alphaville | Lagoa dos Ingleses | Nova Lima \/ MG<\/p>\n<hr \/>\n<iframe width=\"567\" height=\"350\" frameborder=\"0\" scrolling=\"no\" marginheight=\"0\" marginwidth=\"0\" \n\tsrc=\"https:\/\/www.google.com\/maps\/embed?pb=!1m18!1m12!1m3!1d3745.2920982046867!2d-43.954003!3d-20.163560000000004!2m3!1f0!2f0!3f0!3m2!1i1024!2i768!4f13.1!3m3!1m2!1s0xa6b031e73f8c3d%3A0xf1b0681b544569f3!2sFDC!5e0!3m2!1spt-BR!2sbr!4v1442277307850\">\n\t<\/iframe><br \/>\n\t<small>\n\t<a href=\"https:\/\/www.google.com.br\/maps\/place\/FDC\/@-20.16356,-43.954003,17z\/data=!3m1!4b1!4m2!3m1!1s0xa6b031e73f8c3d:0xf1b0681b544569f3?hl=pt-BR;output%3Dembed\" style=\"color:#0000FF;text-align:left\">Exibir mapa ampliado<\/a>\n\t<\/small>\n<hr \/>\n<p><strong class=\"azulClaro\"><a href=\"http:\/\/www.sustentar.net\/2015\/wp-content\/uploads\/2012\/03\/logo-clan.gif\"><img loading=\"lazy\" decoding=\"async\" class=\"size-full wp-image-2866 alignleft\" src=\"http:\/\/www.sustentar.net\/2015\/wp-content\/uploads\/2012\/03\/logo-clan.gif\" alt=\"Clan\" width=\"200\" height=\"181\" \/><\/a>Ag\u00eancia de Viagens oficial:<\/strong><\/p>\n<p>A Clan Turismo \u00e9 a ag\u00eancia de viagens oficial do SUSTENTAR 2015.<\/p>\n<p>Entre em contato com a Clan Turismo para conferir os pre\u00e7os especiais de hospedagem e transporte.<\/p>\n<p>A Clan Turismo tamb\u00e9m poder\u00e1 auxiliar os participantes do SUSTENTAR 2015 em outros servi\u00e7os como passagens, traslados, pacotes culturais, city tours, etc.<\/p>\n<p>&nbsp;<\/p>\n<p>Telefone:\u00a0 31-2555-8552<br \/>\nEmail: <a href=\"mailto:sustentar@clantur.com.br\">sustentar@clantur.com.br<\/a><br \/>\nSite: <a href=\"http:\/\/www.clantur.com.br\" target=\"_blank\">www.clantur.com.br<\/a><\/p>\n<div style=\"clear: both;\"><\/div>\n<hr \/>\n<p><strong class=\"azulClaro\">Acesso<\/strong><\/p>\n<p>O acesso ao Campus da FDC poder\u00e1 ser feito por t\u00e1xi, carro particular ou \u00f4nibus executivo fornecido pelo evento aos participantes previamente inscritos e com reserva confirmada neste site.<\/p>\n<p>&nbsp;<\/p>\n<p><strong>Local de Sa\u00edda:\u00a0<\/strong>Av. Get\u00falio Vargas, em frente ao n\u00ba 1059 &#8211; Funcion\u00e1rios, Belo Horizonte &#8211; MG, CEP: 30112-020<\/p>\n<p>&nbsp;<\/p>\n<p><a href=\"http:\/\/&lt;iframe src=&quot;https:\/\/www.google.com\/maps\/embed?pb=!1m18!1m12!1m3!1d3750.7014975156667!2d-43.93520258542294!3d-19.93697994367413!2m3!1f0!2f0!3f0!3m2!1i1024!2i768!4f13.1!3m3!1m2!1s0xa699c4c00a808b%3A0x3f0cc9bb8ba29bc9!2sAv.+Get%C3%BAlio+Vargas%2C+1059+-+Funcion%C3%A1rios%2C+Belo+Horizonte+-+MG%2C+30112-020!5e0!3m2!1spt-BR!2sbr!4v1444840597706&quot; width=&quot;600&quot; height=&quot;450&quot; frameborder=&quot;0&quot; style=&quot;border:0&quot; allowfullscreen&gt;&lt;\/iframe&gt;\" target=\"_blank\">http:\/\/<iframe loading=\"lazy\" style=\"border: 0;\" src=\"https:\/\/www.google.com\/maps\/embed?pb=!1m18!1m12!1m3!1d3750.7014975156667!2d-43.93520258542294!3d-19.93697994367413!2m3!1f0!2f0!3f0!3m2!1i1024!2i768!4f13.1!3m3!1m2!1s0xa699c4c00a808b%3A0x3f0cc9bb8ba29bc9!2sAv.+Get%C3%BAlio+Vargas%2C+1059+-+Funcion%C3%A1rios%2C+Belo+Horizonte+-+MG%2C+30112-020!5e0!3m2!1spt-BR!2sbr!4v1444840597706\" width=\"600\" height=\"450\" frameborder=\"0\" allowfullscreen=\"allowfullscreen\"><\/iframe><\/a><\/p>\n<p>&nbsp;<\/p>\n<p><strong>Condi\u00e7\u00f5es:<\/strong>\u00a0Os \u00f4nibus sair\u00e3o no hor\u00e1rio determinado, sem toler\u00e2ncias para atrasos.<\/p>\n<p>&nbsp;<\/p>\n<p>Algumas linhas de \u00f4nibus levam ao Alphaville. Confira nos links abaixo:<\/p>\n<p>&nbsp;<\/p>\n<p><a href=\"http:\/\/www.santafetransportes.com.br\/linha3947.php#tab2\">Santa F\u00e9 Transportes<\/a><\/p>\n<p>&nbsp;<\/p>\n<p><a href=\"http:\/\/www.viaourocoletivos.com.br\/quadro-de-horarios.php\">Via Ouro<\/a><\/p>\n<p>&nbsp;<\/p>\n<p>O percurso do Aeroporto da Pampulha ao Campus \u00e9 de 40 km e, do Aeroporto Internacional de Confins \u00e9 de 70 km. O custo, aproximado, do t\u00e1xi do Aeroporto da Pampulha \u00e9 de R$120,00 e R$175,00 do Aeroporto de Confins.<\/p>\n<p>&nbsp;<\/p>\n<p><strong class=\"azulClaro\">T\u00e1xi<\/strong><\/p>\n<p>Seguem abaixo algumas op\u00e7\u00f5es de empresas de t\u00e1xi que voc\u00eas podem entrar em contato para programarem o agendamento do seu transporte. O Instituto Sustentar n\u00e3o possui tarifa acordo com qualquer destas empresas.<\/p>\n<p>&nbsp;<\/p>\n<p><strong class=\"azulClaro\">ATENDIMENTO 24 HORAS<\/strong><br \/>\nCoomot\u00e1xi Telefone: (31) 3419-2020<br \/>\nCoopertramo Telefone: (31) 3454-5757<br \/>\nCoopertex Telefones: (31) 3313-8700 \/ 98652-5850<br \/>\nCootramo Telefones: (31) 3454-5935 \/ 3689-4056 \/ 3689-2349<\/p>\n<p>&nbsp;<\/p>\n<p><strong class=\"azulClaro\">Estacionamento<\/strong><\/p>\n<p>Caso voc\u00ea opte por usar carro pr\u00f3prio, o estacionamento do Campus estar\u00e1 dispon\u00edvel sem \u00f4nus. Estacionamento com capacidade para 270 ve\u00edculos sujeito \u00e0 disponibilidade de vagas.<\/p>\n<p>&nbsp;<\/p>\n<p><strong class=\"azulClaro\">Medicamentos<\/strong><\/p>\n<p>O Instituto Sustentar n\u00e3o fornece medicamentos de qualquer natureza. Caso voc\u00ea fa\u00e7a uso de algum analg\u00e9sico ou outro tipo de rem\u00e9dio, favor traz\u00ea-lo com voc\u00ea. O Sustentar ter\u00e1 dispon\u00edvel uma ambul\u00e2ncia para quaisquer emerg\u00eancias.<\/p>\n<p>&nbsp;<\/p>\n<p><strong class=\"azulClaro\">Outras sugest\u00f5es:<\/strong><\/p>\n<p>Leve seus cart\u00f5es de visita e aproveite os intervalos do evento para intera\u00e7\u00e3o e networking com os palestrantes e participantes;<\/p>\n<p>O audit\u00f3rio e salas s\u00e3o climatizados, portanto, para o seu conforto, sugerimos que leve um agasalho. A temperatura nesta \u00e9poca do ano voc\u00ea pode conferir atrav\u00e9s do site <a href=\"http:\/\/www.tempoagora.com.br\" target=\"_blank\">www.tempoagora.com.br<\/a>.<\/p>\n<p>&nbsp;<\/p>\n<p>&nbsp;<\/p>\n<hr \/>\n<h3>Formul\u00e1rio de Contato<\/h3>\n\n<div class=\"wpcf7 no-js\" id=\"wpcf7-f2658-o1\" lang=\"pt-BR\" dir=\"ltr\">\n<div class=\"screen-reader-response\"><p role=\"status\" aria-live=\"polite\" aria-atomic=\"true\"><\/p> <ul><\/ul><\/div>\n<form action=\"\/2015\/wp-json\/wp\/v2\/pages\/76#wpcf7-f2658-o1\" method=\"post\" class=\"wpcf7-form init\" aria-label=\"Formul\u00e1rios de contato\" novalidate=\"novalidate\" data-status=\"init\">\n<div style=\"display: none;\">\n<input type=\"hidden\" name=\"_wpcf7\" value=\"2658\" \/>\n<input type=\"hidden\" name=\"_wpcf7_version\" value=\"5.9.5\" \/>\n<input type=\"hidden\" name=\"_wpcf7_locale\" value=\"pt_BR\" \/>\n<input type=\"hidden\" name=\"_wpcf7_unit_tag\" value=\"wpcf7-f2658-o1\" \/>\n<input type=\"hidden\" name=\"_wpcf7_container_post\" value=\"0\" \/>\n<input type=\"hidden\" name=\"_wpcf7_posted_data_hash\" value=\"\" \/>\n<\/div>\n<p><br \/>\n<label for=\"nome\"><br \/>\n<span class=\"azulClaro\">*<\/span>Nome:<\/label>\n<\/p>\n<p><span class=\"wpcf7-form-control-wrap\" data-name=\"Nome\"><input size=\"40\" class=\"wpcf7-form-control wpcf7-text wpcf7-validates-as-required\" aria-required=\"true\" aria-invalid=\"false\" value=\"\" type=\"text\" name=\"Nome\" \/><\/span>\n<\/p>\n<p><label for=\"email\"><br \/>\n<span class=\"azulClaro\">*<\/span>Email:<\/label>\n<\/p>\n<p><span class=\"wpcf7-form-control-wrap\" data-name=\"Email\"><input size=\"40\" class=\"wpcf7-form-control wpcf7-email wpcf7-validates-as-required wpcf7-text wpcf7-validates-as-email\" aria-required=\"true\" aria-invalid=\"false\" value=\"\" type=\"email\" name=\"Email\" \/><\/span>\n<\/p>\n<p class=\"left\"><br \/>\n<label for=\"telefone\"><br \/>\n<span class=\"azulClaro\">*<\/span>Telefone:<\/label><br \/>\n<span class=\"wpcf7-form-control-wrap\" data-name=\"Telefone\"><input size=\"40\" class=\"wpcf7-form-control wpcf7-text wpcf7-validates-as-required\" aria-required=\"true\" aria-invalid=\"false\" value=\"\" type=\"text\" name=\"Telefone\" \/><\/span>\n<\/p>\n<p class=\"right\"><br \/>\n<label for=\"contato\"><br \/>\n<span class=\"azulClaro\">*<\/span>Cidade:<\/label><br \/>\n<span class=\"wpcf7-form-control-wrap\" data-name=\"Cidade\"><input size=\"40\" class=\"wpcf7-form-control wpcf7-text wpcf7-validates-as-required\" aria-required=\"true\" aria-invalid=\"false\" value=\"\" type=\"text\" name=\"Cidade\" \/><\/span>\n<\/p>\n<div class=\"clear\">\n<\/div>\n<div class=\"azulClaro\">\n\t<p><strong>Redes Sociais<\/strong>\n\t<\/p>\n<\/div>\n<p class=\"left\" style=\"margin:0;\"><br \/>\n<label for=\"facebook\">Facebook:<\/label><br \/>\n<span class=\"wpcf7-form-control-wrap\" data-name=\"Facebook\"><input size=\"40\" class=\"wpcf7-form-control wpcf7-text\" aria-invalid=\"false\" value=\"\" type=\"text\" name=\"Facebook\" \/><\/span>\n<\/p>\n<p class=\"right\" style=\"margin:0 5px 0 0;\"><br \/>\n<label for=\"twitter\">Twitter:<\/label><br \/>\n<span class=\"wpcf7-form-control-wrap\" data-name=\"Twitter\"><input size=\"40\" class=\"wpcf7-form-control wpcf7-text\" aria-invalid=\"false\" value=\"\" type=\"text\" name=\"Twitter\" \/><\/span>\n<\/p>\n<div class=\"clear\">\n<\/div>\n<p><br \/>\n<label for=\"mensagem\"><span class=\"azulClaro\">*<\/span>Mensagem:<\/label>\n<\/p>\n<p><span class=\"wpcf7-form-control-wrap\" data-name=\"Mensagem\"><textarea cols=\"40\" rows=\"10\" class=\"wpcf7-form-control wpcf7-textarea\" aria-invalid=\"false\" name=\"Mensagem\"><\/textarea><\/span>\n<\/p>\n<p><input class=\"wpcf7-form-control wpcf7-submit has-spinner\" type=\"submit\" value=\"Enviar\" \/>\n<\/p>\n<div class=\"clear\">\n<\/div><div class=\"wpcf7-response-output\" aria-hidden=\"true\"><\/div>\n<\/form>\n<\/div>\n\n<p>&nbsp;<\/p>\n<p><span class=\"azulClaro\"><b>Telefone:<\/b><\/span><br \/>\n(31) 2515.3382 | (31) 2516.3382 | (31) 98342-3382<\/p>\n<p><span class=\"azulClaro\"><b>E-mail:<\/b><\/span><br \/>\n<a href=\"mailto:info@sustentar.net\">info@sustentar.net<\/a><\/p>\n","protected":false},"excerpt":{"rendered":"<p>Informa\u00e7\u00f5es O SUSTENTAR 2015 acontecer\u00e1 na FUNDA\u00c7\u00c3O DOM CABRAL (FDC) no Alphaville, Lagoa dos Ingleses em Nova Lima\/MG. &nbsp; A FDC \u00e9 um centro de desenvolvimento de executivos, empresas e organiza\u00e7\u00f5es, e \u00e9 a melhor escola de neg\u00f3cios da America Latina de acordo com o Ranking de Educa\u00e7\u00e3o Executiva de 2013 do Financial Times. &nbsp; [&hellip;]<\/p>\n","protected":false},"author":4,"featured_media":291,"parent":0,"menu_order":0,"comment_status":"open","ping_status":"open","template":"","meta":{"_acf_changed":false,"footnotes":""},"class_list":["post-76","page","type-page","status-publish","has-post-thumbnail","hentry"],"acf":[],"aioseo_notices":[],"_links":{"self":[{"href":"http:\/\/www.sustentar.net\/2015\/wp-json\/wp\/v2\/pages\/76","targetHints":{"allow":["GET"]}}],"collection":[{"href":"http:\/\/www.sustentar.net\/2015\/wp-json\/wp\/v2\/pages"}],"about":[{"href":"http:\/\/www.sustentar.net\/2015\/wp-json\/wp\/v2\/types\/page"}],"author":[{"embeddable":true,"href":"http:\/\/www.sustentar.net\/2015\/wp-json\/wp\/v2\/users\/4"}],"replies":[{"embeddable":true,"href":"http:\/\/www.sustentar.net\/2015\/wp-json\/wp\/v2\/comments?post=76"}],"version-history":[{"count":49,"href":"http:\/\/www.sustentar.net\/2015\/wp-json\/wp\/v2\/pages\/76\/revisions"}],"predecessor-version":[{"id":3143,"href":"http:\/\/www.sustentar.net\/2015\/wp-json\/wp\/v2\/pages\/76\/revisions\/3143"}],"wp:featuredmedia":[{"embeddable":true,"href":"http:\/\/www.sustentar.net\/2015\/wp-json\/wp\/v2\/media\/291"}],"wp:attachment":[{"href":"http:\/\/www.sustentar.net\/2015\/wp-json\/wp\/v2\/media?parent=76"}],"curies":[{"name":"wp","href":"https:\/\/api.w.org\/{rel}","templated":true}]}}