{"id":9,"date":"2012-03-08T00:40:27","date_gmt":"2012-03-08T00:40:27","guid":{"rendered":"http:\/\/sustentar.net\/2012\/?page_id=9"},"modified":"2015-09-10T13:38:20","modified_gmt":"2015-09-10T13:38:20","slug":"apresentacao","status":"publish","type":"page","link":"http:\/\/www.sustentar.net\/2015\/forum\/apresentacao","title":{"rendered":"Apresenta\u00e7\u00e3o"},"content":{"rendered":"<h1>Apresenta\u00e7\u00e3o<\/h1>\n<p>O\u00a0<strong>SUSTENTAR 2015<\/strong> &#8211;\u00a08\u00ba\u00a0F\u00f3rum Internacional pelo Desenvolvimento Sustent\u00e1vel prop\u00f5e a promo\u00e7\u00e3o de amplo debate de importantes quest\u00f5es socioambientais do planeta, do pa\u00eds e da comunidade.<\/p>\n<p>O evento conta com a participa\u00e7\u00e3o de renomados especialistas, executivos, lideran\u00e7as e autoridades nacionais e internacionais em desenvolvimento sustent\u00e1vel, gerando exposi\u00e7\u00e3o de solu\u00e7\u00f5es para os desafios que a quest\u00e3o da sustentabilidade traz para governo, empresas e sociedade civil.<\/p>\n<p>O tema da 8\u00aa edi\u00e7\u00e3o do\u00a0<strong>SUSTENTAR 2015<\/strong>\u00a0ser\u00e1 \u201cOportunidades: Inova\u00e7\u00f5es e Solu\u00e7\u00f5es Sustent\u00e1veis\u201d. Sediado em Belo Horizonte h\u00e1 oito anos, desde a sua primeira edi\u00e7\u00e3o, \u00e9 considerado um dos mais representativos eventos sobre sustentabilidade do Brasil.<\/p>\n<h3>A QUEM SE DESTINA<\/h3>\n<p>Conhecimento, informa\u00e7\u00e3o, emo\u00e7\u00e3o, atualiza\u00e7\u00e3o, debates, discuss\u00f5es, participa\u00e7\u00e3o, interc\u00e2mbio. O <strong>SUSTENTAR 2015<\/strong> \u00e9 o momento oportuno para gestores de responsabilidade socioambiental de empresas, governo, acad\u00eamicos, m\u00eddia, todo cidad\u00e3o, pessoas f\u00edsicas e jur\u00eddicas, discutirem ideias, atitudes e solu\u00e7\u00f5es que contribuam para promover a constru\u00e7\u00e3o de um mundo melhor, com responsabilidade ambiental, social, econ\u00f4mica e cultural.<\/p>\n","protected":false},"excerpt":{"rendered":"<p>F\u00f3runs, Semin\u00e1rios, Di\u00e1logo, Olimpiadas da Sustentabilidade, Feira de Tecnologias, Servi\u00e7os e Produtos de Responsabilidade Socioambiental, Workshops Nacionais e Internacionais<\/p>\n","protected":false},"author":4,"featured_media":301,"parent":6,"menu_order":0,"comment_status":"open","ping_status":"open","template":"","meta":{"_acf_changed":false,"footnotes":""},"class_list":["post-9","page","type-page","status-publish","has-post-thumbnail","hentry"],"acf":[],"aioseo_notices":[],"_links":{"self":[{"href":"http:\/\/www.sustentar.net\/2015\/wp-json\/wp\/v2\/pages\/9","targetHints":{"allow":["GET"]}}],"collection":[{"href":"http:\/\/www.sustentar.net\/2015\/wp-json\/wp\/v2\/pages"}],"about":[{"href":"http:\/\/www.sustentar.net\/2015\/wp-json\/wp\/v2\/types\/page"}],"author":[{"embeddable":true,"href":"http:\/\/www.sustentar.net\/2015\/wp-json\/wp\/v2\/users\/4"}],"replies":[{"embeddable":true,"href":"http:\/\/www.sustentar.net\/2015\/wp-json\/wp\/v2\/comments?post=9"}],"version-history":[{"count":20,"href":"http:\/\/www.sustentar.net\/2015\/wp-json\/wp\/v2\/pages\/9\/revisions"}],"predecessor-version":[{"id":2555,"href":"http:\/\/www.sustentar.net\/2015\/wp-json\/wp\/v2\/pages\/9\/revisions\/2555"}],"up":[{"embeddable":true,"href":"http:\/\/www.sustentar.net\/2015\/wp-json\/wp\/v2\/pages\/6"}],"wp:featuredmedia":[{"embeddable":true,"href":"http:\/\/www.sustentar.net\/2015\/wp-json\/wp\/v2\/media\/301"}],"wp:attachment":[{"href":"http:\/\/www.sustentar.net\/2015\/wp-json\/wp\/v2\/media?parent=9"}],"curies":[{"name":"wp","href":"https:\/\/api.w.org\/{rel}","templated":true}]}}